{"id":706,"date":"2019-11-06T14:58:13","date_gmt":"2019-11-06T13:58:13","guid":{"rendered":"http:\/\/tivat.dik.co.me\/?page_id=706\/"},"modified":"2023-02-16T12:41:27","modified_gmt":"2023-02-16T11:41:27","slug":"sastav-komisije","status":"publish","type":"page","link":"https:\/\/dikcg.me\/wpold\/tivat\/sastav-komisije\/","title":{"rendered":"Sastav Komisije"},"content":{"rendered":"<p><strong>MARIJANA NIKOLI\u0106<\/strong>, predsjednik<br \/>\n<strong>KAROLINA VU\u010cINOVI\u0106<\/strong>, sekretarka<\/p>\n<p><strong>\u010clanovi i zamjenici<\/strong><br \/>\n<strong>1. Jadranka Joksimovi\u0107, <\/strong>\u010dlanica<\/p>\n<p><strong>2. Melita Brkan<\/strong>, \u010dlanica<\/p>\n<p><strong>3. Spasoje Ljesar<\/strong>, \u010dlan<\/p>\n<p><strong>4. Radosav Tujkovi\u0107<\/strong>, \u010dlan<\/p>\n<p><a href=\"https:\/\/fra1.digitaloceanspaces.com\/opstinativat\/documents\/2023\/OPSTINSKA%20IZBORNA%20KOMISIJA\/ODLUKA%20O%20IMENOVANJU.pdf\">Odluka o imenovanju Op\u0161tinske izborne komisije Tivat<\/a><\/p>\n","protected":false},"excerpt":{"rendered":"MARIJANA NIKOLI\u0106, predsjednik KAROLINA VU\u010cINOVI\u0106, sekretarka \u010clanovi i zamjenici 1. Jadranka Joksimovi\u0107, \u010dlanica 2. Melita Brkan, \u010dlanica 3. Spasoje Ljesar, \u010dlan 4. Radosav Tujkovi\u0107, \u010dlan Odluka o imenovanju Op\u0161tinske izborne komisije Tivat","protected":false},"author":56,"featured_media":0,"parent":0,"menu_order":0,"comment_status":"closed","ping_status":"closed","template":"","meta":{"footnotes":""},"_links":{"self":[{"href":"https:\/\/dikcg.me\/wpold\/tivat\/wp-json\/wp\/v2\/pages\/706"}],"collection":[{"href":"https:\/\/dikcg.me\/wpold\/tivat\/wp-json\/wp\/v2\/pages"}],"about":[{"href":"https:\/\/dikcg.me\/wpold\/tivat\/wp-json\/wp\/v2\/types\/page"}],"author":[{"embeddable":true,"href":"https:\/\/dikcg.me\/wpold\/tivat\/wp-json\/wp\/v2\/users\/56"}],"replies":[{"embeddable":true,"href":"https:\/\/dikcg.me\/wpold\/tivat\/wp-json\/wp\/v2\/comments?post=706"}],"version-history":[{"count":8,"href":"https:\/\/dikcg.me\/wpold\/tivat\/wp-json\/wp\/v2\/pages\/706\/revisions"}],"predecessor-version":[{"id":1350,"href":"https:\/\/dikcg.me\/wpold\/tivat\/wp-json\/wp\/v2\/pages\/706\/revisions\/1350"}],"wp:attachment":[{"href":"https:\/\/dikcg.me\/wpold\/tivat\/wp-json\/wp\/v2\/media?parent=706"}],"curies":[{"name":"wp","href":"https:\/\/api.w.org\/{rel}","templated":true}]}}