{"id":632,"date":"2019-03-26T13:39:54","date_gmt":"2019-03-26T12:39:54","guid":{"rendered":"http:\/\/pljevlja.dik.co.me\/?page_id=632\/"},"modified":"2022-09-06T20:41:45","modified_gmt":"2022-09-06T19:41:45","slug":"podzakonska-akta","status":"publish","type":"page","link":"https:\/\/dikcg.me\/wpold\/pljevlja\/podzakonska-akta\/","title":{"rendered":"Podzakonska akta"},"content":{"rendered":"<ul>\n<li><a href=\"https:\/\/dikcg.me\/wpold\/pljevlja\/wp-content\/uploads\/sites\/23\/2019\/03\/1.Uputstvo-o-sadrzini-i-obliku-obrazaca-u-postupku-predlaganja-kandidata-za-izbor-odbornika-i-poslanika.pdf\">Uputstvo o sadr\u017eini i obliku obrazaca u postupku predlaganja kandidata za izbor odbornika i poslanika<\/a><\/li>\n<\/ul>\n<hr \/>\n<ul>\n<li><a href=\"https:\/\/dikcg.me\/wpold\/pljevlja\/wp-content\/uploads\/sites\/23\/2019\/03\/2.Uputstvo-o-postupku-davanja-potpisa-bira\u010da-za-podr\u0161ku-izbornoj-listi-za-izbor-odbornika-poslanika.pdf\">Uputstvo o postupku davanja potpisa bira\u010da za podr\u0161ku izbornoj listi za izbor odbornika \u2013 poslanika<\/a><\/li>\n<\/ul>\n<hr \/>\n<ul>\n<li><a href=\"https:\/\/dikcg.me\/wpold\/pljevlja\/wp-content\/uploads\/sites\/23\/2022\/09\/obrazac-odbornici.pdf\">Izvod iz Obrasca PB-1 za davanje potpisa bira\u010da za podr\u0161ku izbornoj listi za izbor odbornika u skup\u0161tinu op\u0161tine<\/a><\/li>\n<\/ul>\n<hr \/>\n<ul>\n<li><a href=\"https:\/\/dikcg.me\/wpold\/pljevlja\/wp-content\/uploads\/sites\/23\/2019\/03\/3.Uputstvo-o-nacinu-proglasenja-izbornih-lista-sadrzaju-obliku-i-nacinu-isticanja-zbirne-izborne-liste.pdf\">Uputstvo o na\u010dinu progla\u0161enja izbornih lista, sadr\u017eaju, obliku i na\u010dinu isticanja zbirne izborne liste<\/a><\/li>\n<\/ul>\n<hr \/>\n<ul>\n<li><a href=\"https:\/\/dikcg.me\/wpold\/pljevlja\/wp-content\/uploads\/sites\/23\/2019\/03\/4.Pravila-o-odredjivanju-i-uredjenju-birackih-mjesta-i-o-mjerama-kojima-se-obezbjedjuje-tajnost-glasanja.pdf\">Pravila o odre\u0111ivanju i ure\u0111enju bira\u010dkih mjesta i o mjerama kojima se obezbje\u0111uje tajnost glasanja<\/a><\/li>\n<\/ul>\n<hr \/>\n<ul>\n<li><a href=\"https:\/\/dikcg.me\/wpold\/pljevlja\/wp-content\/uploads\/sites\/23\/2019\/03\/5.Pravila-o-radu-birackih-odbora.pdf\">Pravila o radu bira\u010dkih odbora<\/a><\/li>\n<\/ul>\n<hr \/>\n<ul>\n<li><a href=\"https:\/\/dikcg.me\/wpold\/pljevlja\/wp-content\/uploads\/sites\/23\/2019\/03\/6.Pravila-o-glasanju-putem-pisma.pdf\">Pravila o glasanju putem pisma<\/a><\/li>\n<\/ul>\n<hr \/>\n<ul>\n<li><a href=\"https:\/\/dikcg.me\/wpold\/pljevlja\/wp-content\/uploads\/sites\/23\/2019\/03\/7.Uputstvo-o-nacinu-rukovanja-i-dostavljanja-izbornog-materijala.pdf\">Uputstvo o na\u010dinu rukovanja i dostavljanja izbornog materijala<\/a><\/li>\n<\/ul>\n<hr \/>\n<ul>\n<li><a href=\"https:\/\/dikcg.me\/wpold\/pljevlja\/wp-content\/uploads\/sites\/23\/2019\/03\/8.Uputstvo-o-nacinu-cuvanja-i-koriscenja-izbornog-materijala.pdf\">Uputstvo o na\u010dinu \u010duvanja i kori\u0161\u0107enja izbornog materijala<\/a><\/li>\n<\/ul>\n<hr \/>\n<ul>\n<li><a href=\"https:\/\/dikcg.me\/wpold\/pljevlja\/wp-content\/uploads\/sites\/23\/2019\/03\/Instrukcije-o-nacinu-preuzimanja-cuvanja-i-vracanja-etokena.pdf\">Instrukcije o na\u010dinu preuzimanja, \u010duvanja i vra\u0107anja e-tokena<\/a><\/li>\n<\/ul>\n<hr \/>\n<ul>\n<li><a href=\"https:\/\/dikcg.me\/wpold\/pljevlja\/wp-content\/uploads\/sites\/23\/2019\/03\/9.Uputstvo-o-jedinstvenim-obrascima-za-sprovodjenje-izbornih-radnji.pdf\">Uputstvo o jedinstvenim obrascima za sprovo\u0111enje izbornih radnji<\/a><\/li>\n<\/ul>\n<hr \/>\n<ul>\n<li><a href=\"https:\/\/dikcg.me\/wpold\/pljevlja\/wp-content\/uploads\/sites\/23\/2019\/03\/10.Eticki-kodeks-organa-za-sprovodjenje-izbora.pdf\">Eti\u010dki kodeks organa za sprovo\u0111enje izbora<\/a><\/li>\n<\/ul>\n","protected":false},"excerpt":{"rendered":"Uputstvo o sadr\u017eini i obliku obrazaca u postupku predlaganja kandidata za izbor odbornika i poslanika Uputstvo o postupku davanja potpisa bira\u010da za podr\u0161ku izbornoj listi za izbor odbornika \u2013 poslanika Izvod iz Obrasca PB-1 za davanje potpisa bira\u010da za podr\u0161ku izbornoj listi za izbor odbornika u skup\u0161tinu op\u0161tine Uputstvo o na\u010dinu progla\u0161enja izbornih lista, sadr\u017eaju,&#8230; <a href=\"https:\/\/dikcg.me\/wpold\/pljevlja\/podzakonska-akta\/\">Read more <i class=\"fas fa-angle-right\"><\/i><\/a>","protected":false},"author":56,"featured_media":0,"parent":0,"menu_order":0,"comment_status":"closed","ping_status":"closed","template":"","meta":{"footnotes":""},"_links":{"self":[{"href":"https:\/\/dikcg.me\/wpold\/pljevlja\/wp-json\/wp\/v2\/pages\/632"}],"collection":[{"href":"https:\/\/dikcg.me\/wpold\/pljevlja\/wp-json\/wp\/v2\/pages"}],"about":[{"href":"https:\/\/dikcg.me\/wpold\/pljevlja\/wp-json\/wp\/v2\/types\/page"}],"author":[{"embeddable":true,"href":"https:\/\/dikcg.me\/wpold\/pljevlja\/wp-json\/wp\/v2\/users\/56"}],"replies":[{"embeddable":true,"href":"https:\/\/dikcg.me\/wpold\/pljevlja\/wp-json\/wp\/v2\/comments?post=632"}],"version-history":[{"count":4,"href":"https:\/\/dikcg.me\/wpold\/pljevlja\/wp-json\/wp\/v2\/pages\/632\/revisions"}],"predecessor-version":[{"id":828,"href":"https:\/\/dikcg.me\/wpold\/pljevlja\/wp-json\/wp\/v2\/pages\/632\/revisions\/828"}],"wp:attachment":[{"href":"https:\/\/dikcg.me\/wpold\/pljevlja\/wp-json\/wp\/v2\/media?parent=632"}],"curies":[{"name":"wp","href":"https:\/\/api.w.org\/{rel}","templated":true}]}}