{"id":630,"date":"2019-03-26T13:39:35","date_gmt":"2019-03-26T12:39:35","guid":{"rendered":"http:\/\/pljevlja.dik.co.me\/?page_id=630\/"},"modified":"2019-03-27T14:27:04","modified_gmt":"2019-03-27T13:27:04","slug":"zakoni","status":"publish","type":"page","link":"https:\/\/dikcg.me\/wpold\/pljevlja\/zakoni\/","title":{"rendered":"Zakoni"},"content":{"rendered":"<ul>\n<li><a href=\"https:\/\/dikcg.me\/wpold\/pljevlja\/wp-content\/uploads\/sites\/23\/2019\/03\/Zakon-o-izboru-odbornika-i-poslanika.pdf\">Zakon o izboru odbornika i poslanika<\/a><\/li>\n<\/ul>\n<hr \/>\n<ul>\n<li><a href=\"https:\/\/dikcg.me\/wpold\/pljevlja\/wp-content\/uploads\/sites\/23\/2019\/03\/Zakon-o-birackom-spisku.pdf\">Zakon o bira\u010dkom spisku<\/a><\/li>\n<\/ul>\n<hr \/>\n<ul>\n<li><a href=\"https:\/\/dikcg.me\/wpold\/pljevlja\/wp-content\/uploads\/sites\/23\/2019\/03\/Zakon-o-izboru-Predsjednika-Crne-Gore.pdf\">Zakon o izboru predsjednika Crne Gore<\/a><\/li>\n<\/ul>\n<hr \/>\n<ul>\n<li><a href=\"https:\/\/dikcg.me\/wpold\/pljevlja\/wp-content\/uploads\/sites\/23\/2019\/03\/Zakon-o-politickim-partijama.pdf\">Zakon o politi\u010dkim partijama<\/a><\/li>\n<\/ul>\n<hr \/>\n<ul>\n<li><a href=\"https:\/\/dikcg.me\/wpold\/pljevlja\/wp-content\/uploads\/sites\/23\/2019\/03\/Zakon-o-finansiranju-politickih-subjekata-i-izbornih-kampanja.pdf\">Zakon o finansiranju politi\u010dkih subjekata i izbornih kampanja<\/a><\/li>\n<\/ul>\n","protected":false},"excerpt":{"rendered":"Zakon o izboru odbornika i poslanika Zakon o bira\u010dkom spisku Zakon o izboru predsjednika Crne Gore Zakon o politi\u010dkim partijama Zakon o finansiranju politi\u010dkih subjekata i izbornih kampanja","protected":false},"author":56,"featured_media":0,"parent":0,"menu_order":0,"comment_status":"closed","ping_status":"closed","template":"","meta":{"footnotes":""},"_links":{"self":[{"href":"https:\/\/dikcg.me\/wpold\/pljevlja\/wp-json\/wp\/v2\/pages\/630"}],"collection":[{"href":"https:\/\/dikcg.me\/wpold\/pljevlja\/wp-json\/wp\/v2\/pages"}],"about":[{"href":"https:\/\/dikcg.me\/wpold\/pljevlja\/wp-json\/wp\/v2\/types\/page"}],"author":[{"embeddable":true,"href":"https:\/\/dikcg.me\/wpold\/pljevlja\/wp-json\/wp\/v2\/users\/56"}],"replies":[{"embeddable":true,"href":"https:\/\/dikcg.me\/wpold\/pljevlja\/wp-json\/wp\/v2\/comments?post=630"}],"version-history":[{"count":3,"href":"https:\/\/dikcg.me\/wpold\/pljevlja\/wp-json\/wp\/v2\/pages\/630\/revisions"}],"predecessor-version":[{"id":670,"href":"https:\/\/dikcg.me\/wpold\/pljevlja\/wp-json\/wp\/v2\/pages\/630\/revisions\/670"}],"wp:attachment":[{"href":"https:\/\/dikcg.me\/wpold\/pljevlja\/wp-json\/wp\/v2\/media?parent=630"}],"curies":[{"name":"wp","href":"https:\/\/api.w.org\/{rel}","templated":true}]}}