{"id":174,"date":"2018-03-11T18:46:32","date_gmt":"2018-03-11T18:46:32","guid":{"rendered":"http:\/\/podgorica.dik.co.me\/?page_id=174\/"},"modified":"2020-07-30T12:44:44","modified_gmt":"2020-07-30T11:44:44","slug":"o-komisiji","status":"publish","type":"page","link":"https:\/\/dikcg.me\/wpold\/kotor\/o-komisiji\/","title":{"rendered":"O komisiji"},"content":{"rendered":"<p><a href=\"\/?page_id=684\">Sastav OIK Kotor<\/a><\/p>\n<hr \/>\n<p><a href=\"https:\/\/dikcg.me\/wpold\/kotor\/wp-content\/uploads\/sites\/17\/2020\/07\/Rjesenje-o-izmjeni-OIK.pdf\">Rje\u0161enje o izmjeni Rje\u0161enja o imenovanju OIK Kotor<\/a><\/p>\n<p><a href=\"https:\/\/dikcg.me\/wpold\/kotor\/wp-content\/uploads\/sites\/17\/2020\/07\/Rj-OIK.pdf\">Odluka o imenovanju Op\u0161tinske izborne komisije Kotor<\/a><\/p>\n<hr \/>\n<p><a href=\"https:\/\/dikcg.me\/wpold\/kotor\/wp-content\/uploads\/sites\/17\/2020\/07\/Poslovnik-o-radu.pdf\">Poslovnik o radu OIK Kotor<\/a><\/p>\n","protected":false},"excerpt":{"rendered":"Sastav OIK Kotor Rje\u0161enje o izmjeni Rje\u0161enja o imenovanju OIK Kotor Odluka o imenovanju Op\u0161tinske izborne komisije Kotor Poslovnik o radu OIK Kotor","protected":false},"author":1,"featured_media":0,"parent":0,"menu_order":0,"comment_status":"closed","ping_status":"closed","template":"","meta":{"footnotes":""},"_links":{"self":[{"href":"https:\/\/dikcg.me\/wpold\/kotor\/wp-json\/wp\/v2\/pages\/174"}],"collection":[{"href":"https:\/\/dikcg.me\/wpold\/kotor\/wp-json\/wp\/v2\/pages"}],"about":[{"href":"https:\/\/dikcg.me\/wpold\/kotor\/wp-json\/wp\/v2\/types\/page"}],"author":[{"embeddable":true,"href":"https:\/\/dikcg.me\/wpold\/kotor\/wp-json\/wp\/v2\/users\/1"}],"replies":[{"embeddable":true,"href":"https:\/\/dikcg.me\/wpold\/kotor\/wp-json\/wp\/v2\/comments?post=174"}],"version-history":[{"count":5,"href":"https:\/\/dikcg.me\/wpold\/kotor\/wp-json\/wp\/v2\/pages\/174\/revisions"}],"predecessor-version":[{"id":777,"href":"https:\/\/dikcg.me\/wpold\/kotor\/wp-json\/wp\/v2\/pages\/174\/revisions\/777"}],"wp:attachment":[{"href":"https:\/\/dikcg.me\/wpold\/kotor\/wp-json\/wp\/v2\/media?parent=174"}],"curies":[{"name":"wp","href":"https:\/\/api.w.org\/{rel}","templated":true}]}}